{"id":500,"date":"2023-03-04T17:21:43","date_gmt":"2023-03-04T17:21:43","guid":{"rendered":"https:\/\/sosmedecinsfes.com\/?page_id=500"},"modified":"2023-03-04T17:21:44","modified_gmt":"2023-03-04T17:21:44","slug":"sitemap","status":"publish","type":"page","link":"https:\/\/sosmedecinsfes.com\/de\/sitemap\/","title":{"rendered":"Sitemap"},"content":{"rendered":"<div class=\"wsp-container\"><h2 class=\"wsp-pages-title\">Seiten<\/h2>\n<ul class=\"wsp-pages-list\">\n<li class=\"page_item page-item-104 current_page_parent\"><a href=\"https:\/\/sosmedecinsfes.com\/de\/blog\/\">Blog<\/a><\/li>\n<li class=\"page_item page-item-78\"><a href=\"https:\/\/sosmedecinsfes.com\/de\/cart\/\">Cart<\/a><\/li>\n<li class=\"page_item page-item-77\"><a href=\"https:\/\/sosmedecinsfes.com\/de\/checkout\/\">Checkout<\/a><\/li>\n<li class=\"page_item page-item-83 page_item_has_children\"><a href=\"https:\/\/sosmedecinsfes.com\/de\/demos\/\">Demos<\/a>\n<ul class='children'>\n\t<li class=\"page_item page-item-84 page_item_has_children\"><a href=\"https:\/\/sosmedecinsfes.com\/de\/demos\/geschaftsdemos\/\">Gesch\u00e4ftsdemos<\/a>\n\t<ul class='children'>\n\t\t<li class=\"page_item page-item-65\"><a href=\"https:\/\/sosmedecinsfes.com\/de\/demos\/geschaftsdemos\/simple-corporate\/\">Corporate<\/a><\/li>\n\t\t<li class=\"page_item page-item-46\"><a href=\"https:\/\/sosmedecinsfes.com\/de\/demos\/geschaftsdemos\/freelancer\/\">Freelancer<\/a><\/li>\n\t\t<li class=\"page_item page-item-82\"><a href=\"https:\/\/sosmedecinsfes.com\/de\/demos\/geschaftsdemos\/agentur\/\">Agentur<\/a><\/li>\n\t\t<li class=\"page_item page-item-54\"><a href=\"https:\/\/sosmedecinsfes.com\/de\/\">Erkunden<\/a><\/li>\n\t\t<li class=\"page_item page-item-80\"><a href=\"https:\/\/sosmedecinsfes.com\/de\/demos\/geschaftsdemos\/booking\/\">Booking<\/a><\/li>\n\t\t<li class=\"page_item page-item-81\"><a href=\"https:\/\/sosmedecinsfes.com\/de\/demos\/geschaftsdemos\/lebensstil\/\">Lebensstil<\/a><\/li>\n\t<\/ul>\n<\/li>\n\t<li class=\"page_item page-item-85 page_item_has_children\"><a href=\"https:\/\/sosmedecinsfes.com\/de\/demos\/shop-demos\/\">Shop Demos<\/a>\n\t<ul class='children'>\n\t\t<li class=\"page_item page-item-113\"><a href=\"https:\/\/sosmedecinsfes.com\/de\/demos\/shop-demos\/classic-shop\/\">Classic Shop<\/a><\/li>\n\t\t<li class=\"page_item page-item-67\"><a href=\"https:\/\/sosmedecinsfes.com\/de\/demos\/shop-demos\/cute-shop\/\">Cute Shop<\/a><\/li>\n\t\t<li class=\"page_item page-item-73\"><a href=\"https:\/\/sosmedecinsfes.com\/de\/demos\/shop-demos\/parallax-shop\/\">Parallax Shop<\/a><\/li>\n\t\t<li class=\"page_item page-item-47\"><a href=\"https:\/\/sosmedecinsfes.com\/de\/demos\/shop-demos\/big-sale\/\">Big Sale<\/a><\/li>\n\t\t<li class=\"page_item page-item-90\"><a href=\"https:\/\/sosmedecinsfes.com\/de\/demos\/shop-demos\/fullscreen-fashion\/\">Fullscreen Fashion<\/a><\/li>\n\t\t<li class=\"page_item page-item-88\"><a href=\"https:\/\/sosmedecinsfes.com\/de\/demos\/shop-demos\/grid-style-1\/\">Grid Style 1<\/a><\/li>\n\t\t<li class=\"page_item page-item-99\"><a href=\"https:\/\/sosmedecinsfes.com\/de\/demos\/shop-demos\/grid-style-2\/\">Grid Style 2<\/a><\/li>\n\t\t<li class=\"page_item page-item-45\"><a href=\"https:\/\/sosmedecinsfes.com\/de\/demos\/shop-demos\/grid-style-3\/\">Grid Style 3<\/a><\/li>\n\t\t<li class=\"page_item page-item-75\"><a href=\"https:\/\/sosmedecinsfes.com\/de\/demos\/shop-demos\/mega-shop\/\">Mega Shop<\/a><\/li>\n\t\t<li class=\"page_item page-item-53\"><a href=\"https:\/\/sosmedecinsfes.com\/de\/demos\/shop-demos\/sale-countdown\/\">Sale Countdown<\/a><\/li>\n\t\t<li class=\"page_item page-item-107\"><a href=\"https:\/\/sosmedecinsfes.com\/de\/demos\/shop-demos\/simple-slider\/\">Simple Slider<\/a><\/li>\n\t\t<li class=\"page_item page-item-41\"><a href=\"https:\/\/sosmedecinsfes.com\/de\/demos\/shop-demos\/slider-cover\/\">Slider Cover<\/a><\/li>\n\t\t<li class=\"page_item page-item-66\"><a href=\"https:\/\/sosmedecinsfes.com\/de\/demos\/shop-demos\/sport-shop\/\">Sport Shop<\/a><\/li>\n\t\t<li class=\"page_item page-item-52\"><a href=\"https:\/\/sosmedecinsfes.com\/de\/demos\/shop-demos\/vendor-shop\/\">Vendor Shop<\/a><\/li>\n\t\t<li class=\"page_item page-item-43\"><a href=\"https:\/\/sosmedecinsfes.com\/de\/demos\/shop-demos\/video-cover\/\">Video Cover<\/a><\/li>\n\t<\/ul>\n<\/li>\n<\/ul>\n<\/li>\n<li class=\"page_item page-item-112 page_item_has_children\"><a href=\"https:\/\/sosmedecinsfes.com\/de\/elemente\/\">Elemente<\/a>\n<ul class='children'>\n\t<li class=\"page_item page-item-86\"><a href=\"https:\/\/sosmedecinsfes.com\/de\/elemente\/abschnitte\/\">Abschnitte<\/a><\/li>\n\t<li class=\"page_item page-item-69\"><a href=\"https:\/\/sosmedecinsfes.com\/de\/elemente\/zeilen-spalten\/\">Zeilen \/ Spalten<\/a><\/li>\n\t<li class=\"page_item page-item-109\"><a href=\"https:\/\/sosmedecinsfes.com\/de\/elemente\/schieberegler\/\">Schieberegler<\/a><\/li>\n\t<li class=\"page_item page-item-71\"><a href=\"https:\/\/sosmedecinsfes.com\/de\/elemente\/banner\/\">Banner<\/a><\/li>\n\t<li class=\"page_item page-item-70\"><a href=\"https:\/\/sosmedecinsfes.com\/de\/elemente\/typografie\/\">Typografie<\/a><\/li>\n\t<li class=\"page_item page-item-102\"><a href=\"https:\/\/sosmedecinsfes.com\/de\/elemente\/tasten\/\">Tasten<\/a><\/li>\n\t<li class=\"page_item page-item-98\"><a href=\"https:\/\/sosmedecinsfes.com\/de\/elemente\/titeltrenner\/\">Titel \/ Trennlinien<\/a><\/li>\n\t<li class=\"page_item page-item-110\"><a href=\"https:\/\/sosmedecinsfes.com\/de\/elemente\/blog-posts\/\">Blogbeitr\u00e4ge<\/a><\/li>\n\t<li class=\"page_item page-item-68\"><a href=\"https:\/\/sosmedecinsfes.com\/de\/elemente\/images\/\">Bilder<\/a><\/li>\n\t<li class=\"page_item page-item-48\"><a href=\"https:\/\/sosmedecinsfes.com\/de\/elemente\/video\/\">Video<\/a><\/li>\n\t<li class=\"page_item page-item-50\"><a href=\"https:\/\/sosmedecinsfes.com\/de\/elemente\/galerien\/\">Galerien<\/a><\/li>\n\t<li class=\"page_item page-item-49\"><a href=\"https:\/\/sosmedecinsfes.com\/de\/elemente\/video-schaltflache\/\">Video-Schaltfl\u00e4che<\/a><\/li>\n\t<li class=\"page_item page-item-87\"><a href=\"https:\/\/sosmedecinsfes.com\/de\/elemente\/bannerraster\/\">Banner-Gitter<\/a><\/li>\n\t<li class=\"page_item page-item-97\"><a href=\"https:\/\/sosmedecinsfes.com\/de\/elemente\/icon-box\/\">Symbolfeld<\/a><\/li>\n\t<li class=\"page_item page-item-72\"><a href=\"https:\/\/sosmedecinsfes.com\/de\/elemente\/bildfeld\/\">Bildfeld<\/a><\/li>\n\t<li class=\"page_item page-item-89\"><a href=\"https:\/\/sosmedecinsfes.com\/de\/elemente\/lightbox\/\">Leuchtkasten<\/a><\/li>\n\t<li class=\"page_item page-item-63\"><a href=\"https:\/\/sosmedecinsfes.com\/de\/elemente\/scroll-to\/\">Scrollen Sie zu<\/a><\/li>\n\t<li class=\"page_item page-item-62 page_item_has_children\"><a href=\"https:\/\/sosmedecinsfes.com\/de\/elemente\/seiten\/\">Seiten<\/a>\n\t<ul class='children'>\n\t\t<li class=\"page_item page-item-105\"><a href=\"https:\/\/sosmedecinsfes.com\/de\/elemente\/seiten\/about\/\">Um<\/a><\/li>\n\t\t<li class=\"page_item page-item-103\"><a href=\"https:\/\/sosmedecinsfes.com\/de\/elemente\/seiten\/kontakt\/\">Kontakt<\/a><\/li>\n\t\t<li class=\"page_item page-item-100\"><a href=\"https:\/\/sosmedecinsfes.com\/de\/elemente\/seiten\/faq\/\">H\u00e4ufig gestellte Fragen<\/a><\/li>\n\t\t<li class=\"page_item page-item-39\"><a href=\"https:\/\/sosmedecinsfes.com\/de\/elemente\/seiten\/linke-seitenleiste\/\">Linke Seitenleiste<\/a><\/li>\n\t\t<li class=\"page_item page-item-42\"><a href=\"https:\/\/sosmedecinsfes.com\/de\/elemente\/seiten\/maintenance\/\">Wartung<\/a><\/li>\n\t\t<li class=\"page_item page-item-44\"><a href=\"https:\/\/sosmedecinsfes.com\/de\/elemente\/seiten\/unsere-filialen\/\">Unsere Filialen<\/a><\/li>\n\t\t<li class=\"page_item page-item-74\"><a href=\"https:\/\/sosmedecinsfes.com\/de\/elemente\/seiten\/grosentabelle\/\">Gr\u00f6\u00dfentabelle<\/a><\/li>\n\t\t<li class=\"page_item page-item-61\"><a href=\"https:\/\/sosmedecinsfes.com\/de\/elemente\/seiten\/portfolio\/\">Portfolio<\/a><\/li>\n\t<\/ul>\n<\/li>\n\t<li class=\"page_item page-item-106\"><a href=\"https:\/\/sosmedecinsfes.com\/de\/elemente\/karte\/\">Karte<\/a><\/li>\n\t<li class=\"page_item page-item-92\"><a href=\"https:\/\/sosmedecinsfes.com\/de\/elemente\/nachrichtenfeld\/\">Nachrichtenfeld<\/a><\/li>\n\t<li class=\"page_item page-item-93\"><a href=\"https:\/\/sosmedecinsfes.com\/de\/elemente\/product-categories\/\">Produktkategorien<\/a><\/li>\n\t<li class=\"page_item page-item-94\"><a href=\"https:\/\/sosmedecinsfes.com\/de\/elemente\/products\/\">Produkte<\/a><\/li>\n\t<li class=\"page_item page-item-95\"><a href=\"https:\/\/sosmedecinsfes.com\/de\/elemente\/teilen-folgen-symbole\/\">Teilen-\/Folgen-Symbole<\/a><\/li>\n\t<li class=\"page_item page-item-111\"><a href=\"https:\/\/sosmedecinsfes.com\/de\/elemente\/registerkarten\/\">Registerkarten<\/a><\/li>\n\t<li class=\"page_item page-item-96\"><a href=\"https:\/\/sosmedecinsfes.com\/de\/elemente\/team-member\/\">Teammitglied<\/a><\/li>\n\t<li class=\"page_item page-item-101\"><a href=\"https:\/\/sosmedecinsfes.com\/de\/elemente\/erfahrungsberichte\/\">Erfahrungsberichte<\/a><\/li>\n\t<li class=\"page_item page-item-64\"><a href=\"https:\/\/sosmedecinsfes.com\/de\/elemente\/countdown\/\">Countdown<\/a><\/li>\n\t<li class=\"page_item page-item-59\"><a href=\"https:\/\/sosmedecinsfes.com\/de\/elemente\/akkordeon\/\">Akkordeon<\/a><\/li>\n\t<li class=\"page_item page-item-40\"><a href=\"https:\/\/sosmedecinsfes.com\/de\/elemente\/flip-book\/\">Flipbook<\/a><\/li>\n\t<li class=\"page_item page-item-55\"><a href=\"https:\/\/sosmedecinsfes.com\/de\/elemente\/formen\/\">Formulare<\/a><\/li>\n\t<li class=\"page_item page-item-51\"><a href=\"https:\/\/sosmedecinsfes.com\/de\/elemente\/hotspot\/\">Hotspot<\/a><\/li>\n\t<li class=\"page_item page-item-58\"><a href=\"https:\/\/sosmedecinsfes.com\/de\/elemente\/instagram-feed\/\">Instagram-Feed<\/a><\/li>\n\t<li class=\"page_item page-item-60\"><a href=\"https:\/\/sosmedecinsfes.com\/de\/elemente\/logo\/\">Logo<\/a><\/li>\n\t<li class=\"page_item page-item-56\"><a href=\"https:\/\/sosmedecinsfes.com\/de\/elemente\/price-table\/\">Preistabelle<\/a><\/li>\n\t<li class=\"page_item page-item-57\"><a href=\"https:\/\/sosmedecinsfes.com\/de\/elemente\/search-box\/\">Suchfeld<\/a><\/li>\n<\/ul>\n<\/li>\n<li class=\"page_item page-item-510\"><a href=\"https:\/\/sosmedecinsfes.com\/de\/mentions-legales\/\">Rechtlicher Hinweis<\/a><\/li>\n<li class=\"page_item page-item-76 page_item_has_children\"><a href=\"https:\/\/sosmedecinsfes.com\/de\/my-account\/\">My Account<\/a>\n<ul class='children'>\n\t<li class=\"page_item page-item-108\"><a href=\"https:\/\/sosmedecinsfes.com\/de\/my-account\/wishlist\/\">Wishlist<\/a><\/li>\n<\/ul>\n<\/li>\n<li class=\"page_item page-item-511\"><a href=\"https:\/\/sosmedecinsfes.com\/de\/cookie-richtlinie\/\">Cookie-Richtlinie<\/a><\/li>\n<li class=\"page_item page-item-79\"><a href=\"https:\/\/sosmedecinsfes.com\/de\/geschaft\/\">Shop<\/a><\/li>\n<li class=\"page_item page-item-500\"><a href=\"https:\/\/sosmedecinsfes.com\/de\/sitemap\/\">Sitemap<\/a><\/li>\n<li class=\"page_item page-item-38\"><a href=\"https:\/\/sosmedecinsfes.com\/de\/test\/\">test<\/a><\/li>\n<li class=\"page_item page-item-91\"><a href=\"https:\/\/sosmedecinsfes.com\/de\/track-order\/\">Track your order<\/a><\/li>\n<\/ul>\n<h2 class=\"wsp-posts-title\">Posts by category<\/h2>\n<ul class=\"wsp-posts-list\">\n\t<li><strong class=\"wsp-category-title\">Category: <a href=\"https:\/\/sosmedecinsfes.com\/de\/kategorie\/krankheit\/\">Krankheit<\/a><\/strong>\n<ul class=\"wsp-posts-list\">\t\t<li class=\"wsp-post\"><a href=\"https:\/\/sosmedecinsfes.com\/de\/schwere-dehydration\/\">Schwere Dehydrierung: Verst\u00e4ndnis und Ma\u00dfnahmen<\/a><\/li>\n\t\t<li class=\"wsp-post\"><a href=\"https:\/\/sosmedecinsfes.com\/de\/lebensmittelvergiftung\/\">Fieber bei Lebensmittelvergiftung: Was tun?<\/a><\/li>\n\t\t<li class=\"wsp-post\"><a href=\"https:\/\/sosmedecinsfes.com\/de\/crise-cardiaque\/\">Herzinfarkt bei \u00e4lteren Menschen: Pr\u00e4vention und Reaktion<\/a><\/li>\n\t\t<li class=\"wsp-post\"><a href=\"https:\/\/sosmedecinsfes.com\/de\/nahrungsmittelunvertraglichkeiten-verstehen-und-bewaltigen-kontaktieren-sie-sos-arzte-fes\/\">Nahrungsmittelunvertr\u00e4glichkeiten: Verstehen und Bew\u00e4ltigen \u2013 Kontaktieren Sie die SOS-\u00c4rzte FES<\/a><\/li>\n\t\t<li class=\"wsp-post\"><a href=\"https:\/\/sosmedecinsfes.com\/de\/aufgeblahter-bauch-wann-sie-die-sos-arzte-kontaktieren-sollten\/\">Aufgebl\u00e4hter Bauch: Wann Sie die SOS-\u00c4rzte kontaktieren sollten<\/a><\/li>\n\t\t<li class=\"wsp-post\"><a href=\"https:\/\/sosmedecinsfes.com\/de\/phlebitis-medizinische-notfallversorgung-zu-hause\/\">Phlebitis: Medizinische Notfallversorgung zu Hause<\/a><\/li>\n\t\t<li class=\"wsp-post\"><a href=\"https:\/\/sosmedecinsfes.com\/de\/skoliose-verstehen-behandeln-und-vorbeugen\/\">Skoliose: Verstehen, Behandeln und Vorbeugen<\/a><\/li>\n\t\t<li class=\"wsp-post\"><a href=\"https:\/\/sosmedecinsfes.com\/de\/accidents-vasculaires-cerebraux-reconnaitre-les-signes-precoces-pour-une-intervention-rapide-a-fesaccidents-vasculaires-cerebrauxaccidents-vasculaires-cerebraux-reconnaitre-les-signes-precoces-pou\/\">Schlaganfall: Fr\u00fche Anzeichen erkennen und bei FES schnell eingreifen<\/a><\/li>\n\t\t<li class=\"wsp-post\"><a href=\"https:\/\/sosmedecinsfes.com\/de\/soulager-les-brulures-destomac-causes-symptomes-et-solutions-a-fes\/\">Sodbrennen lindern: Ursachen, Symptome und L\u00f6sungen in Fez<\/a><\/li>\n\t\t<li class=\"wsp-post\"><a href=\"https:\/\/sosmedecinsfes.com\/de\/titre-tout-ce-quil-faut-savoir-sur-la-bronchite-symptomes-traitement-et-prise-en-charge-a-fes\/\">Alles, was Sie \u00fcber Bronchitis wissen m\u00fcssen: Symptome, Behandlung und Pflege in Fez<\/a><\/li>\n\t\t<li class=\"wsp-post\"><a href=\"https:\/\/sosmedecinsfes.com\/de\/alles-was-sie-uber-lippenherpes-wissen-mussen-symptome-behandlung-und-pflege-in-fes\/\">Alles, was Sie \u00fcber Lippenherpes wissen m\u00fcssen: Symptome, Behandlung und Pflege in Fez<\/a><\/li>\n\t\t<li class=\"wsp-post\"><a href=\"https:\/\/sosmedecinsfes.com\/de\/le-don-de-sang\/\">Blutspende<\/a><\/li>\n\t\t<li class=\"wsp-post\"><a href=\"https:\/\/sosmedecinsfes.com\/de\/wintertipps\/\">Wintertipps<\/a><\/li>\n\t\t<li class=\"wsp-post\"><a href=\"https:\/\/sosmedecinsfes.com\/de\/winter-und-die-risiken-einer-kohlenmonoxidvergiftung\/\">Winter und die Risiken einer Kohlenmonoxidvergiftung<\/a><\/li>\n\t\t<li class=\"wsp-post\"><a href=\"https:\/\/sosmedecinsfes.com\/de\/oraler-herpes\/\">Orale Herpes<\/a><\/li>\n\t\t<li class=\"wsp-post\"><a href=\"https:\/\/sosmedecinsfes.com\/de\/methoden-zur-reduzierung-des-schwitzens\/\">Schwitzen: Methoden, um es zu stoppen<\/a><\/li>\n\t\t<li class=\"wsp-post\"><a href=\"https:\/\/sosmedecinsfes.com\/de\/verbessern-sie-ihre-darmpassage\/\">Verbessern Sie Ihre Darmpassage<\/a><\/li>\n\t\t<li class=\"wsp-post\"><a href=\"https:\/\/sosmedecinsfes.com\/de\/dangers-de-lalcool-sur-le-foie\/\">Gefahren des Alkohols f\u00fcr die Leber<\/a><\/li>\n\t\t<li class=\"wsp-post\"><a href=\"https:\/\/sosmedecinsfes.com\/de\/prostatabeschwerden-die-nicht-ignoriert-werden-sollten\/\">Prostata: Symptome, die man nicht ignorieren sollte<\/a><\/li>\n\t\t<li class=\"wsp-post\"><a href=\"https:\/\/sosmedecinsfes.com\/de\/hepatite-c\/\">Hepatitis C<\/a><\/li>\n\t\t<li class=\"wsp-post\"><a href=\"https:\/\/sosmedecinsfes.com\/de\/sport-ist-ein-verbundeter-deines-herzens\/\">Sport: ein Verb\u00fcndeter deines Herzens<\/a><\/li>\n\t\t<li class=\"wsp-post\"><a href=\"https:\/\/sosmedecinsfes.com\/de\/uberprasenz\/\">\u00dcberrepr\u00e4sentation<\/a><\/li>\n\t\t<li class=\"wsp-post\"><a href=\"https:\/\/sosmedecinsfes.com\/de\/gewichtszunahme-durch-fettansammlung-im-bauch\/\">Gewichtszunahme: wenn sich Fett im Bauchbereich ansammelt<\/a><\/li>\n\t\t<li class=\"wsp-post\"><a href=\"https:\/\/sosmedecinsfes.com\/de\/6-raisons-qui-vous-empechent-darreter-de-fumer\/\">6 Gr\u00fcnde, warum Sie nicht mit dem Rauchen aufh\u00f6ren k\u00f6nnen<\/a><\/li>\n\t\t<li class=\"wsp-post\"><a href=\"https:\/\/sosmedecinsfes.com\/de\/abces-dentaire\/\">Zahnabszess<\/a><\/li>\n\t\t<li class=\"wsp-post\"><a href=\"https:\/\/sosmedecinsfes.com\/de\/gallensteine\/\">Gallensteine<\/a><\/li>\n\t\t<li class=\"wsp-post\"><a href=\"https:\/\/sosmedecinsfes.com\/de\/techniken-zur-unterdruckung-des-erbrechens\/\">Techniken zur Unterdr\u00fcckung von Erbrechen<\/a><\/li>\n\t\t<li class=\"wsp-post\"><a href=\"https:\/\/sosmedecinsfes.com\/de\/ruckenschmerzen\/\">R\u00fcckenschmerzen<\/a><\/li>\n\t\t<li class=\"wsp-post\"><a href=\"https:\/\/sosmedecinsfes.com\/de\/augenanatomie\/\">Die Anatomie der Augen<\/a><\/li>\n\t\t<li class=\"wsp-post\"><a href=\"https:\/\/sosmedecinsfes.com\/de\/altern\/\">Altern<\/a><\/li>\n\t\t<li class=\"wsp-post\"><a href=\"https:\/\/sosmedecinsfes.com\/de\/gestes-simples-pour-proteger-son-coeur\/\">Einfache Schritte zum Schutz Ihres Herzens<\/a><\/li>\n\t\t<li class=\"wsp-post\"><a href=\"https:\/\/sosmedecinsfes.com\/de\/migrane\/\">Migr\u00e4ne<\/a><\/li>\n\t\t<li class=\"wsp-post\"><a href=\"https:\/\/sosmedecinsfes.com\/de\/medikamente-und-hitze-vorsicht\/\">Medikamente und Hitze: Vorsicht<\/a><\/li>\n\t\t<li class=\"wsp-post\"><a href=\"https:\/\/sosmedecinsfes.com\/de\/unterschiede-zwischen-chinesischer-medizin-und-westlichen-medizinischen-praktiken\/\">Unterschiede zwischen chinesischer Medizin und westlichen medizinischen Praktiken<\/a><\/li>\n\t\t<li class=\"wsp-post\"><a href=\"https:\/\/sosmedecinsfes.com\/de\/willkommen-bei-flatsome\/\">Ein Blick auf nat\u00fcrliche Heilmittel zur Behandlung der Perimenopause<\/a><\/li>\n\t\t<li class=\"wsp-post\"><a href=\"https:\/\/sosmedecinsfes.com\/de\/willkommen-auf-meinem-blog\/\">Gute Gesundheit erhalten \u2013 Einen gesunden Lebensstil pflegen<\/a><\/li>\n\t\t<li class=\"wsp-post\"><a href=\"https:\/\/sosmedecinsfes.com\/de\/a-simple-blog-post\/\">Wie h\u00e4usliche Pflege Ihnen oder Ihren Angeh\u00f6rigen zugutekommt<\/a><\/li>\n<\/ul><\/li>\n\t<li><strong class=\"wsp-category-title\">Category: <a href=\"https:\/\/sosmedecinsfes.com\/de\/kategorie\/arzt-zu-hause\/\">Hausarzt<\/a><\/strong>\n<ul class=\"wsp-posts-list\">\t\t<li class=\"wsp-post\"><a href=\"https:\/\/sosmedecinsfes.com\/de\/pneumokokken-eine-ernstzunehmende-atemwegsgefahr\/\">Pneumokokken: Eine Atemwegserkrankung, die man ernst nehmen sollte<\/a><\/li>\n\t\t<li class=\"wsp-post\"><a href=\"https:\/\/sosmedecinsfes.com\/de\/paranoia-und-die-entscheidende-bedeutung-von-medizinischen-notfalldiensten-zu-hause\/\">Paranoia: Die entscheidende Bedeutung von Notfalldiensten zu Hause<\/a><\/li>\n\t\t<li class=\"wsp-post\"><a href=\"https:\/\/sosmedecinsfes.com\/de\/mumps-die-bedeutung-von-hauslichen-notfalldiensten\/\">Mumps: Die Bedeutung von medizinischen Notfalldiensten zu Hause<\/a><\/li>\n\t\t<li class=\"wsp-post\"><a href=\"https:\/\/sosmedecinsfes.com\/de\/symptome-und-ernahrung-bei-hohem-cholesterinspiegel\/\">Hoher Cholesterinspiegel: Symptome und Ern\u00e4hrung<\/a><\/li>\n\t\t<li class=\"wsp-post\"><a href=\"https:\/\/sosmedecinsfes.com\/de\/e-coli-une-bacterie-amie-ou-ennemie\/\">E. coli: Freund oder Feind?<\/a><\/li>\n\t\t<li class=\"wsp-post\"><a href=\"https:\/\/sosmedecinsfes.com\/de\/syndrome-de-lessuie-glace\/\">Scheibenwischer-Syndrom<\/a><\/li>\n\t\t<li class=\"wsp-post\"><a href=\"https:\/\/sosmedecinsfes.com\/de\/faszikulationen-zucken-der-augenlider\/\">Faszikulationen: Lidzittern<\/a><\/li>\n\t\t<li class=\"wsp-post\"><a href=\"https:\/\/sosmedecinsfes.com\/de\/arrhythmie\/\">Arrhythmie<\/a><\/li>\n<\/ul><\/li>\n\t<li><strong class=\"wsp-category-title\">Category: <a href=\"https:\/\/sosmedecinsfes.com\/de\/kategorie\/diensthabender-arzt\/\">diensthabender Arzt<\/a><\/strong>\n<\/li>\n\t<li><strong class=\"wsp-category-title\">Category: <a href=\"https:\/\/sosmedecinsfes.com\/de\/kategorie\/nachtarzt\/\">Nachtarzt<\/a><\/strong>\n<\/li>\n\t<li><strong class=\"wsp-category-title\">Category: <a href=\"https:\/\/sosmedecinsfes.com\/de\/kategorie\/prelevement\/\">erheben<\/a><\/strong>\n<\/li>\n\t<li><strong class=\"wsp-category-title\">Category: <a href=\"https:\/\/sosmedecinsfes.com\/de\/kategorie\/prise-durine\/\">Urinprobe<\/a><\/strong>\n<\/li>\n\t<li><strong class=\"wsp-category-title\">Category: <a href=\"https:\/\/sosmedecinsfes.com\/de\/kategorie\/blutprobe\/\">Blutprobe<\/a><\/strong>\n<\/li>\n\t<li><strong class=\"wsp-category-title\">Category: <a href=\"https:\/\/sosmedecinsfes.com\/de\/kategorie\/sos\/\">SOS<\/a><\/strong>\n<\/li>\n\t<li><strong class=\"wsp-category-title\">Category: <a href=\"https:\/\/sosmedecinsfes.com\/de\/kategorie\/sos-arzte-in-fes\/\">SOS-\u00c4rzte in Fes<\/a><\/strong>\n<ul class=\"wsp-posts-list\">\t\t<li class=\"wsp-post\"><a href=\"https:\/\/sosmedecinsfes.com\/de\/mauvaise-digestion-comment-la-reconnaitre-et-quelles-sont-les-solutions\/\">VERDAUUNGSSCHLECHTE: WIE MAN SIE ERKENNT UND WAS SIND DIE L\u00d6SUNGEN?<\/a><\/li>\n\t\t<li class=\"wsp-post\"><a href=\"https:\/\/sosmedecinsfes.com\/de\/5-naturliche-behandlungsmethoden-gegen-chronischen-stress-die-ihnen-linderung-verschaffen\/\">Chronischer Stress: 5 nat\u00fcrliche Behandlungsmethoden zur Linderung Ihrer Beschwerden \u2013<\/a><\/li>\n\t\t<li class=\"wsp-post\"><a href=\"https:\/\/sosmedecinsfes.com\/de\/les-meilleures-plantes-energisantes-pour-booster-son-energie\/\">DIE BESTEN ENERGIE-STEIGERNDEN PFLANZEN<\/a><\/li>\n\t\t<li class=\"wsp-post\"><a href=\"https:\/\/sosmedecinsfes.com\/de\/was-ist-maltit\/\">WAS IST MALTIT?<\/a><\/li>\n\t\t<li class=\"wsp-post\"><a href=\"https:\/\/sosmedecinsfes.com\/de\/6-tipps-um-neue-energie-zu-tanken-und-ihre-energie-zu-steigern\/\">6 TIPPS ZUM AUFLADEN UND AUFF\u00dcLLEN IHRER ENERGIE<\/a><\/li>\n<\/ul><\/li>\n\t<li><strong class=\"wsp-category-title\">Category: <a href=\"https:\/\/sosmedecinsfes.com\/de\/kategorie\/notfalle\/\">NOTF\u00c4LLE<\/a><\/strong>\n<\/li>\n\t<li><strong class=\"wsp-category-title\">Category: <a href=\"https:\/\/sosmedecinsfes.com\/de\/kategorie\/notarzte\/\">Not\u00e4rzte<\/a><\/strong>\n<\/li>\n<\/ul>\n<h2 class=\"wsp-blockss-title\">Blocks<\/h2>\n<ul class=\"wsp-blockss-list\">\n<li><a href=\"https:\/\/sosmedecinsfes.com\/de\/blocks\/features-overview\/\">Features Overview<\/a><\/li>\n<li><a href=\"https:\/\/sosmedecinsfes.com\/de\/blocks\/demos\/\">Demos<\/a><\/li>\n<li><a href=\"https:\/\/sosmedecinsfes.com\/de\/blocks\/footer-newsletter-signup\/\">Footer - Newsletter Signup<\/a><\/li>\n<li><a href=\"https:\/\/sosmedecinsfes.com\/de\/blocks\/footer-about-us\/\">Footer - About us<\/a><\/li>\n<li><a href=\"https:\/\/sosmedecinsfes.com\/de\/blocks\/shop-category-slider\/\">Shop - Category Slider<\/a><\/li>\n<li><a href=\"https:\/\/sosmedecinsfes.com\/de\/blocks\/shop-header\/\">Shop - Header<\/a><\/li>\n<li><a href=\"https:\/\/sosmedecinsfes.com\/de\/blocks\/blog-header\/\">Blog Header<\/a><\/li>\n<li><a href=\"https:\/\/sosmedecinsfes.com\/de\/blocks\/elements-overview\/\">Elements Overview<\/a><\/li>\n<\/ul>\n<\/div>","protected":false},"excerpt":{"rendered":"","protected":false},"author":1,"featured_media":0,"parent":0,"menu_order":0,"comment_status":"closed","ping_status":"closed","template":"","meta":{"footnotes":""},"class_list":["post-500","page","type-page","status-publish","hentry"],"_links":{"self":[{"href":"https:\/\/sosmedecinsfes.com\/de\/wp-json\/wp\/v2\/pages\/500","targetHints":{"allow":["GET"]}}],"collection":[{"href":"https:\/\/sosmedecinsfes.com\/de\/wp-json\/wp\/v2\/pages"}],"about":[{"href":"https:\/\/sosmedecinsfes.com\/de\/wp-json\/wp\/v2\/types\/page"}],"author":[{"embeddable":true,"href":"https:\/\/sosmedecinsfes.com\/de\/wp-json\/wp\/v2\/users\/1"}],"replies":[{"embeddable":true,"href":"https:\/\/sosmedecinsfes.com\/de\/wp-json\/wp\/v2\/comments?post=500"}],"version-history":[{"count":1,"href":"https:\/\/sosmedecinsfes.com\/de\/wp-json\/wp\/v2\/pages\/500\/revisions"}],"predecessor-version":[{"id":502,"href":"https:\/\/sosmedecinsfes.com\/de\/wp-json\/wp\/v2\/pages\/500\/revisions\/502"}],"wp:attachment":[{"href":"https:\/\/sosmedecinsfes.com\/de\/wp-json\/wp\/v2\/media?parent=500"}],"curies":[{"name":"wp","href":"https:\/\/api.w.org\/{rel}","templated":true}]}}