{"id":511,"date":"2024-04-26T22:33:17","date_gmt":"2024-04-26T22:33:17","guid":{"rendered":"https:\/\/sosmedecinsfes.com\/?page_id=511"},"modified":"2024-05-05T11:56:39","modified_gmt":"2024-05-05T11:56:39","slug":"cookie-richtlinie","status":"publish","type":"page","link":"https:\/\/sosmedecinsfes.com\/de\/cookie-richtlinie\/","title":{"rendered":"Cookie-Richtlinie"},"content":{"rendered":"<p><\/p>\n\n\n\n<p>Erfahren Sie mehr \u00fcber unsere Nutzungsbedingungen bez\u00fcglich der Verwendung von Cookies auf unserer Website.<\/p>\n\n\n\n<p>Letzte Aktualisierung: 20. April 2024<\/p>\n\n\n\n<p>Diese Cookie-Richtlinie erkl\u00e4rt, was Cookies sind und wie wir sie verwenden. Bitte lesen Sie diese Richtlinie, um zu verstehen, welche Arten von Cookies wir verwenden, welche Informationen wir mithilfe von Cookies sammeln und wie diese Informationen verwendet werden.&nbsp;<\/p>\n\n\n\n<p>Cookies enthalten in der Regel keine Informationen, die einen Nutzer pers\u00f6nlich identifizieren. Die von uns \u00fcber Sie gespeicherten personenbezogenen Daten k\u00f6nnen jedoch mit den in Cookies gespeicherten und von diesen abgerufenen Informationen verkn\u00fcpft werden. Weitere Informationen zur Verwendung, Speicherung und zum Schutz Ihrer personenbezogenen Daten finden Sie in unserer Datenschutzerkl\u00e4rung. Wir speichern keine sensiblen personenbezogenen Daten wie Postanschriften, Kontopassw\u00f6rter usw. in den von uns verwendeten Cookies.<\/p>\n\n\n\n<h3 class=\"wp-block-heading\"><strong>Interpretation<\/strong><\/h3>\n\n\n\n<p>W\u00f6rter, die mit einem Gro\u00dfbuchstaben beginnen, haben unter den folgenden Bedingungen eine bestimmte Bedeutung. Die folgenden Definitionen gelten unabh\u00e4ngig davon, ob sie im Singular oder Plural verwendet werden.<\/p>\n\n\n\n<h3 class=\"wp-block-heading\"><strong>Definitionen<\/strong><\/h3>\n\n\n\n<p>Im Sinne dieser Cookie-Richtlinie:&nbsp;<\/p>\n\n\n\n<p>Das Unternehmen (in dieser Cookie-Richtlinie auch als \u00abdas Unternehmen\u00bb, \u00abwir\u00bb, \u00abuns\u00bb oder \u00abunser\u00bb bezeichnet) bezieht sich auf sosmedecinsfes.com<\/p>\n\n\n\n<p>Cookies sind kleine Dateien, die von einer Website auf Ihrem Computer, Mobilger\u00e4t oder einem anderen Ger\u00e4t gespeichert werden und unter anderem Informationen \u00fcber Ihren Browserverlauf auf dieser Website enthalten. Die Website bezieht sich auf sosmedecinsfes, erreichbar unter sosmedecinsfes.com.<\/p>\n\n\n\n<p>Mit \u201eSie\u201c ist die Person gemeint, die auf die Website zugreift oder sie nutzt, oder gegebenenfalls ein Unternehmen oder eine juristische Person, in deren Namen diese Person auf die Website zugreift oder sie nutzt.<\/p>\n\n\n\n<h3 class=\"wp-block-heading\"><strong>Arten von Cookies, die wir verwenden<\/strong><\/h3>\n\n\n\n<p>Cookies k\u00f6nnen entweder \u00abpersistent\u00bb oder \u00abSession-Cookies\u00bb sein. Persistente Cookies verbleiben nach dem Abmelden auf Ihrem Computer oder Mobilger\u00e4t, w\u00e4hrend Session-Cookies gel\u00f6scht werden, sobald Sie Ihren Webbrowser schlie\u00dfen.<\/p>\n\n\n\n<p>Wir verwenden sowohl Session-Cookies als auch permanente Cookies f\u00fcr die nachfolgend beschriebenen Zwecke:<\/p>\n\n\n\n<p><strong>Notwendige\/essenzielle Cookies&nbsp;<\/strong><\/p>\n\n\n\n<ul class=\"wp-block-list\">\n<li>Typ: Sitzungscookies. Anbieter: Wir.,&nbsp;<\/li>\n\n\n\n<li>Zweck: Diese Cookies sind unerl\u00e4sslich, um Ihnen die auf der Website verf\u00fcgbaren Dienste bereitzustellen und Ihnen die Nutzung bestimmter Funktionen zu erm\u00f6glichen. Sie dienen der Authentifizierung von Nutzern und verhindern den betr\u00fcgerischen Missbrauch von Benutzerkonten. Ohne diese Cookies k\u00f6nnen die von Ihnen angeforderten Dienste nicht bereitgestellt werden. Wir verwenden diese Cookies ausschlie\u00dflich zu diesem Zweck.<\/li>\n<\/ul>\n\n\n\n<p><strong>Funktions-Cookies<\/strong><\/p>\n\n\n\n<ul class=\"wp-block-list\">\n<li>Typ: Permanente Cookies Anbieter: Wir&nbsp;<\/li>\n\n\n\n<li>Zweck: Diese Cookies erm\u00f6glichen es uns, Ihre Einstellungen auf der Website zu speichern, z. B. Ihre Anmeldeinformationen oder Ihre bevorzugte Sprache. Dadurch k\u00f6nnen wir Ihnen ein personalisiertes Nutzererlebnis bieten und Ihnen die erneute Eingabe Ihrer Einstellungen bei jedem Besuch der Website ersparen.<\/li>\n<\/ul>\n\n\n\n<h3 class=\"wp-block-heading\"><strong>Ihre Cookie-Einstellungen<\/strong><\/h3>\n\n\n\n<p>Wenn Sie die Verwendung von Cookies auf dieser Website vermeiden m\u00f6chten, m\u00fcssen Sie zun\u00e4chst Cookies in Ihrem Browser deaktivieren und anschlie\u00dfend alle im Browser gespeicherten Cookies l\u00f6schen, die mit dieser Website in Verbindung stehen. Sie k\u00f6nnen diese Option jederzeit nutzen, um die Verwendung von Cookies zu verhindern.<\/p>\n\n\n\n<p>Wenn Sie unsere Cookies nicht akzeptieren, kann dies zu Unannehmlichkeiten bei der Nutzung der Website f\u00fchren und einige Funktionen funktionieren m\u00f6glicherweise nicht ordnungsgem\u00e4\u00df.<\/p>\n\n\n\n<p>Wenn Sie Cookies l\u00f6schen oder Ihren Webbrowser anweisen m\u00f6chten, Cookies zu l\u00f6schen oder abzulehnen, besuchen Sie bitte die Hilfeseiten Ihres Webbrowsers.<\/p>\n\n\n\n<ul class=\"wp-block-list\">\n<li>F\u00fcr den Chrome-Webbrowser besuchen Sie bitte diese Google-Seite:<a href=\"https:\/\/support.google.com\/accounts\/answer\/32050\"> https:\/\/support.google.com\/accounts\/answer\/32050<\/a><\/li>\n\n\n\n<li>F\u00fcr den Internet Explorer-Webbrowser besuchen Sie bitte diese Microsoft-Seite:<\/li>\n\n\n\n<li><a href=\"http:\/\/support.microsoft.com\/kb\/278835\">http:\/\/support.microsoft.com\/kb\/278835<\/a><\/li>\n\n\n\n<li>F\u00fcr den Firefox-Webbrowser besuchen Sie bitte diese Mozilla-Seite:<a href=\"https:\/\/support.mozilla.org\/en-US\/kb\/delete-cookies-remove-info-websites-stored\"> https:\/\/support.mozilla.org\/en-US\/kb\/delete-cookies-remove-info-websites-stored<\/a><\/li>\n\n\n\n<li>F\u00fcr den Safari-Webbrowser besuchen Sie bitte diese Apple-Seite:<a href=\"https:\/\/support.apple.com\/guide\/safari\/manage-cookies-and-website-data-sfri11471\/mac\"> https:\/\/support.apple.com\/guide\/safari\/manage-cookies-and-website-data-sfri11471\/mac<\/a><\/li>\n<\/ul>\n\n\n\n<p>F\u00fcr alle anderen Webbrowser besuchen Sie bitte die offiziellen Webseiten Ihres Webbrowsers.<\/p>\n\n\n\n<h3 class=\"wp-block-heading\"><strong>Kontaktieren Sie uns<\/strong><\/h3>\n\n\n\n<p>Wenn Sie Fragen zu dieser Cookie-Richtlinie haben, k\u00f6nnen Sie uns kontaktieren:<\/p>\n\n\n\n<p><strong>Adresse :<\/strong> 44, Rue des H\u00f4pitaux, Quartier des H\u00f4pitaux | 20360, Marokko<br><strong>Telefon :<\/strong> 05 22 47 47 47<br><strong>E-Mail:<\/strong> sosmedecin20@gmail.com<br><strong>Webseite: <\/strong>sosmedecinsfes.com<\/p>","protected":false},"excerpt":{"rendered":"<p>En savoir plus sur nos conditions relatives \u00e0 l\u2019utilisation des cookies sur notre site Web. Derni\u00e8re mise \u00e0 jour : 20 Avril 2024 Cette politique de cookies explique ce que sont les cookies et comment nous les utilisons. Vous devriez lire cette politique afin que vous puissiez comprendre quel type de cookies nous utilisons, ou [&hellip;]\n","protected":false},"author":1,"featured_media":0,"parent":0,"menu_order":0,"comment_status":"closed","ping_status":"closed","template":"","meta":{"footnotes":""},"class_list":["post-511","page","type-page","status-publish","hentry"],"_links":{"self":[{"href":"https:\/\/sosmedecinsfes.com\/de\/wp-json\/wp\/v2\/pages\/511","targetHints":{"allow":["GET"]}}],"collection":[{"href":"https:\/\/sosmedecinsfes.com\/de\/wp-json\/wp\/v2\/pages"}],"about":[{"href":"https:\/\/sosmedecinsfes.com\/de\/wp-json\/wp\/v2\/types\/page"}],"author":[{"embeddable":true,"href":"https:\/\/sosmedecinsfes.com\/de\/wp-json\/wp\/v2\/users\/1"}],"replies":[{"embeddable":true,"href":"https:\/\/sosmedecinsfes.com\/de\/wp-json\/wp\/v2\/comments?post=511"}],"version-history":[{"count":2,"href":"https:\/\/sosmedecinsfes.com\/de\/wp-json\/wp\/v2\/pages\/511\/revisions"}],"predecessor-version":[{"id":531,"href":"https:\/\/sosmedecinsfes.com\/de\/wp-json\/wp\/v2\/pages\/511\/revisions\/531"}],"wp:attachment":[{"href":"https:\/\/sosmedecinsfes.com\/de\/wp-json\/wp\/v2\/media?parent=511"}],"curies":[{"name":"wp","href":"https:\/\/api.w.org\/{rel}","templated":true}]}}