{"id":511,"date":"2024-04-26T22:33:17","date_gmt":"2024-04-26T22:33:17","guid":{"rendered":"https:\/\/sosmedecinsfes.com\/?page_id=511"},"modified":"2024-05-05T11:56:39","modified_gmt":"2024-05-05T11:56:39","slug":"politica-de-cookies","status":"publish","type":"page","link":"https:\/\/sosmedecinsfes.com\/es\/politica-de-cookies\/","title":{"rendered":"Pol\u00edtica de cookies"},"content":{"rendered":"<p><\/p>\n\n\n\n<p>Obtenga m\u00e1s informaci\u00f3n sobre nuestros t\u00e9rminos y condiciones relativos al uso de cookies en nuestro sitio web.<\/p>\n\n\n\n<p>\u00daltima actualizaci\u00f3n: 20 de abril de 2024<\/p>\n\n\n\n<p>Esta pol\u00edtica de cookies explica qu\u00e9 son las cookies y c\u00f3mo las utilizamos. Le recomendamos leerla para comprender qu\u00e9 tipos de cookies utilizamos, qu\u00e9 informaci\u00f3n recopilamos mediante ellas y c\u00f3mo la utilizamos.&nbsp;<\/p>\n\n\n\n<p>Por lo general, las cookies no contienen informaci\u00f3n que identifique personalmente al usuario, pero la informaci\u00f3n personal que almacenamos sobre usted puede estar vinculada a la informaci\u00f3n almacenada y obtenida a trav\u00e9s de las cookies. Para obtener m\u00e1s informaci\u00f3n sobre c\u00f3mo utilizamos, almacenamos y protegemos sus datos personales, consulte nuestra Pol\u00edtica de Privacidad. No almacenamos informaci\u00f3n personal sensible, como direcciones postales, contrase\u00f1as de cuentas, etc., en las cookies que utilizamos.<\/p>\n\n\n\n<h3 class=\"wp-block-heading\"><strong>Interpretaci\u00f3n<\/strong><\/h3>\n\n\n\n<p>Las palabras que comienzan con may\u00fascula tienen significados definidos bajo las siguientes condiciones. Las siguientes definiciones tienen el mismo significado tanto en singular como en plural.<\/p>\n\n\n\n<h3 class=\"wp-block-heading\"><strong>Definiciones<\/strong><\/h3>\n\n\n\n<p>A efectos de esta pol\u00edtica de cookies:&nbsp;<\/p>\n\n\n\n<p>La Compa\u00f1\u00eda (denominada indistintamente como &quot;la Compa\u00f1\u00eda&quot;, &quot;Nosotros&quot; o &quot;Nuestro&quot; en esta Pol\u00edtica de Cookies) se refiere a sosmedecinsfes.com<\/p>\n\n\n\n<p>Las cookies son peque\u00f1os archivos que un sitio web coloca en su ordenador, dispositivo m\u00f3vil u otro dispositivo, y que contienen, entre otros usos, informaci\u00f3n sobre su historial de navegaci\u00f3n en dicho sitio web. El sitio web en cuesti\u00f3n es sosmedecinsfes, accesible desde sosmedecinsfes.com.<\/p>\n\n\n\n<p>&quot;Usted&quot; se refiere a la persona que accede o utiliza el sitio web, o a la empresa o entidad legal en cuyo nombre dicha persona accede o utiliza el sitio web, seg\u00fan corresponda.<\/p>\n\n\n\n<h3 class=\"wp-block-heading\"><strong>Tipos de cookies que utilizamos<\/strong><\/h3>\n\n\n\n<p>Las cookies pueden ser persistentes o de sesi\u00f3n. Las cookies persistentes permanecen en su ordenador o dispositivo m\u00f3vil despu\u00e9s de cerrar la sesi\u00f3n, mientras que las cookies de sesi\u00f3n se eliminan en cuanto cierra el navegador.<\/p>\n\n\n\n<p>Utilizamos tanto cookies de sesi\u00f3n como cookies persistentes para los fines que se describen a continuaci\u00f3n:<\/p>\n\n\n\n<p><strong>Cookies necesarias\/esenciales&nbsp;<\/strong><\/p>\n\n\n\n<ul class=\"wp-block-list\">\n<li>Tipo: Cookies de sesi\u00f3n. Administradas por: Nosotros.,&nbsp;<\/li>\n\n\n\n<li>Finalidad: Estas cookies son esenciales para proporcionarle los servicios disponibles en el sitio web y permitirle utilizar ciertas funciones. Ayudan a autenticar a los usuarios y a prevenir el uso fraudulento de las cuentas. Sin estas cookies, no se pueden proporcionar los servicios que ha solicitado, y solo las utilizamos para ofrecerle dichos servicios.<\/li>\n<\/ul>\n\n\n\n<p><strong>Cookies de funcionalidad<\/strong><\/p>\n\n\n\n<ul class=\"wp-block-list\">\n<li>Tipo: Cookies persistentes Administrado por: Nosotros&nbsp;<\/li>\n\n\n\n<li>Finalidad: Estas cookies nos permiten recordar las opciones que seleccionas al usar el sitio web, como tu informaci\u00f3n de inicio de sesi\u00f3n o tu idioma preferido. El objetivo de estas cookies es ofrecerte una experiencia m\u00e1s personalizada y evitar que tengas que volver a introducir tus preferencias cada vez que visites el sitio.<\/li>\n<\/ul>\n\n\n\n<h3 class=\"wp-block-heading\"><strong>Sus opciones con respecto a las cookies<\/strong><\/h3>\n\n\n\n<p>Si prefiere evitar el uso de cookies en este sitio web, primero debe deshabilitarlas en su navegador y luego eliminar las cookies almacenadas en \u00e9l que est\u00e9n asociadas con este sitio web. Puede utilizar esta opci\u00f3n para impedir el uso de cookies en cualquier momento.<\/p>\n\n\n\n<p>Si no acepta nuestras cookies, es posible que experimente inconvenientes al usar el sitio web y que algunas funciones no funcionen correctamente.<\/p>\n\n\n\n<p>Si desea eliminar las cookies o solicitar a su navegador web que las elimine o las rechace, visite las p\u00e1ginas de ayuda de su navegador web.<\/p>\n\n\n\n<ul class=\"wp-block-list\">\n<li>Para el navegador web Chrome, visite esta p\u00e1gina de Google:<a href=\"https:\/\/support.google.com\/accounts\/answer\/32050\"> https:\/\/support.google.com\/accounts\/answer\/32050<\/a><\/li>\n\n\n\n<li>Para el navegador web Internet Explorer, visite esta p\u00e1gina de Microsoft:<\/li>\n\n\n\n<li><a href=\"http:\/\/support.microsoft.com\/kb\/278835\">http:\/\/support.microsoft.com\/kb\/278835<\/a><\/li>\n\n\n\n<li>Para el navegador web Firefox, visite esta p\u00e1gina de Mozilla:<a href=\"https:\/\/support.mozilla.org\/en-US\/kb\/delete-cookies-remove-info-websites-stored\"> https:\/\/support.mozilla.org\/en-US\/kb\/delete-cookies-remove-info-websites-stored<\/a><\/li>\n\n\n\n<li>Para el navegador web Safari, visite esta p\u00e1gina de Apple:<a href=\"https:\/\/support.apple.com\/guide\/safari\/manage-cookies-and-website-data-sfri11471\/mac\"> https:\/\/support.apple.com\/guide\/safari\/manage-cookies-and-website-data-sfri11471\/mac<\/a><\/li>\n<\/ul>\n\n\n\n<p>Para cualquier otro navegador web, visite las p\u00e1ginas web oficiales de su navegador.<\/p>\n\n\n\n<h3 class=\"wp-block-heading\"><strong>Cont\u00e1ctanos<\/strong><\/h3>\n\n\n\n<p>Si tiene alguna pregunta sobre esta pol\u00edtica de cookies, puede ponerse en contacto con nosotros:<\/p>\n\n\n\n<p><strong>DIRECCI\u00d3N :<\/strong> 44, Rue des H\u00f4pitaux, Barrio des H\u00f4pitaux | 20360, Marruecos<br><strong>Tel\u00e9fono :<\/strong> 05 22 47 47 47<br><strong>Correo electr\u00f3nico:<\/strong> sosmedecin20@gmail.com<br><strong>Sitio web: <\/strong>sosmedecinsfes.com<\/p>","protected":false},"excerpt":{"rendered":"<p>En savoir plus sur nos conditions relatives \u00e0 l\u2019utilisation des cookies sur notre site Web. Derni\u00e8re mise \u00e0 jour : 20 Avril 2024 Cette politique de cookies explique ce que sont les cookies et comment nous les utilisons. Vous devriez lire cette politique afin que vous puissiez comprendre quel type de cookies nous utilisons, ou [&hellip;]\n","protected":false},"author":1,"featured_media":0,"parent":0,"menu_order":0,"comment_status":"closed","ping_status":"closed","template":"","meta":{"footnotes":""},"class_list":["post-511","page","type-page","status-publish","hentry"],"_links":{"self":[{"href":"https:\/\/sosmedecinsfes.com\/es\/wp-json\/wp\/v2\/pages\/511","targetHints":{"allow":["GET"]}}],"collection":[{"href":"https:\/\/sosmedecinsfes.com\/es\/wp-json\/wp\/v2\/pages"}],"about":[{"href":"https:\/\/sosmedecinsfes.com\/es\/wp-json\/wp\/v2\/types\/page"}],"author":[{"embeddable":true,"href":"https:\/\/sosmedecinsfes.com\/es\/wp-json\/wp\/v2\/users\/1"}],"replies":[{"embeddable":true,"href":"https:\/\/sosmedecinsfes.com\/es\/wp-json\/wp\/v2\/comments?post=511"}],"version-history":[{"count":2,"href":"https:\/\/sosmedecinsfes.com\/es\/wp-json\/wp\/v2\/pages\/511\/revisions"}],"predecessor-version":[{"id":531,"href":"https:\/\/sosmedecinsfes.com\/es\/wp-json\/wp\/v2\/pages\/511\/revisions\/531"}],"wp:attachment":[{"href":"https:\/\/sosmedecinsfes.com\/es\/wp-json\/wp\/v2\/media?parent=511"}],"curies":[{"name":"wp","href":"https:\/\/api.w.org\/{rel}","templated":true}]}}