{"id":72,"date":"2016-01-12T17:26:06","date_gmt":"2016-01-12T17:26:06","guid":{"rendered":"http:\/\/flatsome.dev\/?page_id=3569"},"modified":"2018-12-11T20:04:48","modified_gmt":"2018-12-11T20:04:48","slug":"cuadro-de-imagen","status":"publish","type":"page","link":"https:\/\/sosmedecinsfes.com\/es\/elementos\/cuadro-de-imagen\/","title":{"rendered":"Cuadro de imagen"},"content":{"rendered":"<div class=\"banner has-hover\" id=\"banner-802865906\">\n          <div class=\"banner-inner fill\">\n        <div class=\"banner-bg fill\" >\n            <div class=\"bg fill bg-fill\"><\/div>\n                        <div class=\"overlay\"><\/div>            \n                    <\/div><!-- bg-layers -->\n        <div class=\"banner-layers container\">\n            <div class=\"fill banner-link\"><\/div>            \n   <div id=\"text-box-1765349318\" class=\"text-box banner-layer x50 md-x50 lg-x50 y50 md-y50 lg-y50 res-text\">\n                                <div class=\"text dark\">\n              \n              <div class=\"text-inner text-center\">\n                  \n<h3 class=\"uppercase\"><strong>ELEMENTO DE CAJA DE IMAGEN<\/strong><\/h3>\n<p class=\"lead\">Crea incre\u00edbles cajas de im\u00e1genes con opciones de estilo ilimitadas.<\/p>\n              <\/div>\n           <\/div><!-- text-box-inner -->\n                            \n<style scope=\"scope\">\n\n#text-box-1765349318 {\n  width: 60%;\n}\n#text-box-1765349318 .text {\n  font-size: 100%;\n}\n<\/style>\n    <\/div><!-- text-box -->\n \n        <\/div><!-- .banner-layers -->\n      <\/div><!-- .banner-inner -->\n\n            \n<style scope=\"scope\">\n\n#banner-802865906 {\n  padding-top: 500px;\n}\n#banner-802865906 .bg.bg-loaded {\n  background-image: url(https:\/\/sosmedecinsfes.com\/wp-content\/uploads\/2016\/08\/dummy-2.jpg);\n}\n#banner-802865906 .overlay {\n  background-color: rgba(0, 0, 0, 0.42);\n}\n<\/style>\n  <\/div><!-- .banner -->\n\n\n\t<section class=\"section\" id=\"section_1511764485\">\n\t\t<div class=\"bg section-bg fill bg-fill  bg-loaded\" >\n\n\t\t\t\n\t\t\t\n\t\t\t\n\n\t\t<\/div><!-- .section-bg -->\n\n\t\t<div class=\"section-content relative\">\n\t\t\t\n<div class=\"row\"  id=\"row-1603128191\">\n<div class=\"col medium-4 large-4\"  ><div class=\"col-inner\"  >\n\t<div class=\"box has-hover has-hover box-text-bottom\" >\n\n\t\t<div class=\"box-image\" >\n\t\t\t\t\t\t<div class=\"\" >\n\t\t\t\t<img fetchpriority=\"high\" decoding=\"async\" width=\"400\" height=\"260\" src=\"https:\/\/sosmedecinsfes.com\/wp-content\/uploads\/2016\/08\/dummy-1.jpg\" class=\"attachment- size-\" alt=\"\" srcset=\"https:\/\/sosmedecinsfes.com\/wp-content\/uploads\/2016\/08\/dummy-1.jpg 400w, https:\/\/sosmedecinsfes.com\/wp-content\/uploads\/2016\/08\/dummy-1-300x195.jpg 300w\" sizes=\"(max-width: 400px) 100vw, 400px\" \/>\t\t\t\t\t\t\t\t\t\t\t<\/div>\n\t\t\t\t\t<\/div><!-- box-image -->\n\n\t\t<div class=\"box-text text-center\" >\n\t\t\t<div class=\"box-text-inner\">\n\t\t\t\t\n<h4>Estilo sencillo<\/h4>\n<p>Algunos textos m\u00e1s peque\u00f1os<\/p>\n\t\t\t<\/div><!-- box-text-inner -->\n\t\t<\/div><!-- box-text -->\n\t<\/div><!-- .box  -->\n\t\n<\/div><\/div>\n<div class=\"col medium-4 large-4\"  ><div class=\"col-inner\"  >\n\t<div class=\"box has-hover has-hover box-bounce box-text-bottom\" >\n\n\t\t<div class=\"box-image\" >\n\t\t\t\t\t\t<div class=\"\" >\n\t\t\t\t<img fetchpriority=\"high\" decoding=\"async\" width=\"400\" height=\"260\" src=\"https:\/\/sosmedecinsfes.com\/wp-content\/uploads\/2016\/08\/dummy-1.jpg\" class=\"attachment- size-\" alt=\"\" srcset=\"https:\/\/sosmedecinsfes.com\/wp-content\/uploads\/2016\/08\/dummy-1.jpg 400w, https:\/\/sosmedecinsfes.com\/wp-content\/uploads\/2016\/08\/dummy-1-300x195.jpg 300w\" sizes=\"(max-width: 400px) 100vw, 400px\" \/>\t\t\t\t\t\t\t\t\t\t\t<\/div>\n\t\t\t\t\t<\/div><!-- box-image -->\n\n\t\t<div class=\"box-text text-center\" >\n\t\t\t<div class=\"box-text-inner\">\n\t\t\t\t\n<h4>Estilo rebote<\/h4>\n<p>A\u00f1ade algo aqu\u00ed<\/p>\n\t\t\t<\/div><!-- box-text-inner -->\n\t\t<\/div><!-- box-text -->\n\t<\/div><!-- .box  -->\n\t\n<\/div><\/div>\n<div class=\"col medium-4 large-4\"  ><div class=\"col-inner\"  >\n\t<div class=\"box has-hover has-hover box-badge hover-dark box-text-bottom\" >\n\n\t\t<div class=\"box-image\" >\n\t\t\t\t\t\t<div class=\"\" >\n\t\t\t\t<img fetchpriority=\"high\" decoding=\"async\" width=\"400\" height=\"260\" src=\"https:\/\/sosmedecinsfes.com\/wp-content\/uploads\/2016\/08\/dummy-1.jpg\" class=\"attachment- size-\" alt=\"\" srcset=\"https:\/\/sosmedecinsfes.com\/wp-content\/uploads\/2016\/08\/dummy-1.jpg 400w, https:\/\/sosmedecinsfes.com\/wp-content\/uploads\/2016\/08\/dummy-1-300x195.jpg 300w\" sizes=\"(max-width: 400px) 100vw, 400px\" \/>\t\t\t\t\t\t\t\t\t\t\t<\/div>\n\t\t\t\t\t<\/div><!-- box-image -->\n\n\t\t<div class=\"box-text text-center\" >\n\t\t\t<div class=\"box-text-inner\">\n\t\t\t\t\n<h4>Estilo de insignia<\/h4>\n<p>Puedes a\u00f1adir c\u00f3digos cortos aqu\u00ed.<\/p>\n\t\t\t<\/div><!-- box-text-inner -->\n\t\t<\/div><!-- box-text -->\n\t<\/div><!-- .box  -->\n\t\n<\/div><\/div>\n<div class=\"col medium-4 large-4\"  ><div class=\"col-inner\"  >\n\t<div class=\"box has-hover has-hover box-overlay dark box-text-bottom\" >\n\n\t\t<div class=\"box-image\" >\n\t\t\t\t\t\t<div class=\"\" >\n\t\t\t\t<img fetchpriority=\"high\" decoding=\"async\" width=\"400\" height=\"260\" src=\"https:\/\/sosmedecinsfes.com\/wp-content\/uploads\/2016\/08\/dummy-1.jpg\" class=\"attachment- size-\" alt=\"\" srcset=\"https:\/\/sosmedecinsfes.com\/wp-content\/uploads\/2016\/08\/dummy-1.jpg 400w, https:\/\/sosmedecinsfes.com\/wp-content\/uploads\/2016\/08\/dummy-1-300x195.jpg 300w\" sizes=\"(max-width: 400px) 100vw, 400px\" \/>\t\t\t\t<div class=\"overlay\" style=\"background-color:1\"><\/div>\t\t\t\t\t\t\t<\/div>\n\t\t\t\t\t<\/div><!-- box-image -->\n\n\t\t<div class=\"box-text text-center\" >\n\t\t\t<div class=\"box-text-inner\">\n\t\t\t\t\n<h2>Estilo de superposici\u00f3n<\/h2>\n<p class=\"lead\">Agregue aqu\u00ed cualquier elemento.<\/p>\n\t\t\t<\/div><!-- box-text-inner -->\n\t\t<\/div><!-- box-text -->\n\t<\/div><!-- .box  -->\n\t\n<\/div><\/div>\n<div class=\"col medium-4 large-4\"  ><div class=\"col-inner\"  >\n\t<div class=\"box has-hover has-hover box-label box-text-bottom\" >\n\n\t\t<div class=\"box-image\" >\n\t\t\t\t\t\t<div class=\"\" >\n\t\t\t\t<img fetchpriority=\"high\" decoding=\"async\" width=\"400\" height=\"260\" src=\"https:\/\/sosmedecinsfes.com\/wp-content\/uploads\/2016\/08\/dummy-1.jpg\" class=\"attachment- size-\" alt=\"\" srcset=\"https:\/\/sosmedecinsfes.com\/wp-content\/uploads\/2016\/08\/dummy-1.jpg 400w, https:\/\/sosmedecinsfes.com\/wp-content\/uploads\/2016\/08\/dummy-1-300x195.jpg 300w\" sizes=\"(max-width: 400px) 100vw, 400px\" \/>\t\t\t\t\t\t\t\t\t\t\t<\/div>\n\t\t\t\t\t<\/div><!-- box-image -->\n\n\t\t<div class=\"box-text text-center\" >\n\t\t\t<div class=\"box-text-inner\">\n\t\t\t\t\n<h4>Estilo de etiqueta<\/h4>\n<p>Agregue aqu\u00ed cualquier elemento.<\/p>\n\t\t\t<\/div><!-- box-text-inner -->\n\t\t<\/div><!-- box-text -->\n\t<\/div><!-- .box  -->\n\t\n<\/div><\/div>\n<div class=\"col medium-4 large-4\"  ><div class=\"col-inner\"  >\n\t<div class=\"box has-hover has-hover box-shade dark box-text-bottom\" >\n\n\t\t<div class=\"box-image\" >\n\t\t\t\t\t\t<div class=\"\" >\n\t\t\t\t<img fetchpriority=\"high\" decoding=\"async\" width=\"400\" height=\"260\" src=\"https:\/\/sosmedecinsfes.com\/wp-content\/uploads\/2016\/08\/dummy-1.jpg\" class=\"attachment- size-\" alt=\"\" srcset=\"https:\/\/sosmedecinsfes.com\/wp-content\/uploads\/2016\/08\/dummy-1.jpg 400w, https:\/\/sosmedecinsfes.com\/wp-content\/uploads\/2016\/08\/dummy-1-300x195.jpg 300w\" sizes=\"(max-width: 400px) 100vw, 400px\" \/>\t\t\t\t\t\t\t\t<div class=\"shade\"><\/div>\t\t\t<\/div>\n\t\t\t\t\t<\/div><!-- box-image -->\n\n\t\t<div class=\"box-text text-center\" >\n\t\t\t<div class=\"box-text-inner\">\n\t\t\t\t\n<h4>Estilo de sombreado<\/h4>\n<p class=\"lead\">Agregue aqu\u00ed cualquier elemento.<\/p>\n\t\t\t<\/div><!-- box-text-inner -->\n\t\t<\/div><!-- box-text -->\n\t<\/div><!-- .box  -->\n\t\n<\/div><\/div>\n<div class=\"col medium-4 large-4\"  ><div class=\"col-inner\"  >\n\t<div class=\"box has-hover has-hover box-push box-text-bottom\" >\n\n\t\t<div class=\"box-image\" >\n\t\t\t\t\t\t<div class=\"image-cover\" style=\"padding-top:90%;\">\n\t\t\t\t<img fetchpriority=\"high\" decoding=\"async\" width=\"400\" height=\"260\" src=\"https:\/\/sosmedecinsfes.com\/wp-content\/uploads\/2016\/08\/dummy-1.jpg\" class=\"attachment- size-\" alt=\"\" srcset=\"https:\/\/sosmedecinsfes.com\/wp-content\/uploads\/2016\/08\/dummy-1.jpg 400w, https:\/\/sosmedecinsfes.com\/wp-content\/uploads\/2016\/08\/dummy-1-300x195.jpg 300w\" sizes=\"(max-width: 400px) 100vw, 400px\" \/>\t\t\t\t\t\t\t\t\t\t\t<\/div>\n\t\t\t\t\t<\/div><!-- box-image -->\n\n\t\t<div class=\"box-text show-on-hover hover-bounce text-center\" >\n\t\t\t<div class=\"box-text-inner\">\n\t\t\t\t\n<h2>Estilo de empuje<\/h2>\n<p>Agregue aqu\u00ed cualquier elemento.<\/p>\n<div class=\"is-divider divider clearfix\" ><\/div><!-- .divider -->\n\t\t\t<\/div><!-- box-text-inner -->\n\t\t<\/div><!-- box-text -->\n\t<\/div><!-- .box  -->\n\t\n<\/div><\/div>\n<div class=\"col medium-8 large-8\"  ><div class=\"col-inner box-shadow-2 box-shadow-5-hover\"  >\n\t<div class=\"box has-hover has-hover box-vertical box-text-bottom\" >\n\n\t\t<div class=\"box-image\" style=\"width:48%;\">\n\t\t\t\t\t\t<div class=\"\" >\n\t\t\t\t<img fetchpriority=\"high\" decoding=\"async\" width=\"400\" height=\"260\" src=\"https:\/\/sosmedecinsfes.com\/wp-content\/uploads\/2016\/08\/dummy-1.jpg\" class=\"attachment- size-\" alt=\"\" srcset=\"https:\/\/sosmedecinsfes.com\/wp-content\/uploads\/2016\/08\/dummy-1.jpg 400w, https:\/\/sosmedecinsfes.com\/wp-content\/uploads\/2016\/08\/dummy-1-300x195.jpg 300w\" sizes=\"(max-width: 400px) 100vw, 400px\" \/>\t\t\t\t\t\t\t\t\t\t\t<\/div>\n\t\t\t\t\t<\/div><!-- box-image -->\n\n\t\t<div class=\"box-text text-center\" >\n\t\t\t<div class=\"box-text-inner\">\n\t\t\t\t\n<h2>Estilo vertical en caja<\/h2>\n<p class=\"lead\">Agregue aqu\u00ed cualquier elemento.<\/p>\n<a class=\"button secondary is-outline\"  style=\"border-radius:10px;\">\n    <span>Un bot\u00f3n<\/span>\n  <\/a>\n\n\t\t\t<\/div><!-- box-text-inner -->\n\t\t<\/div><!-- box-text -->\n\t<\/div><!-- .box  -->\n\t\n<\/div><\/div>\n<\/div>\n\t\t<\/div><!-- .section-content -->\n\n\t\t\n<style scope=\"scope\">\n\n#section_1511764485 {\n  padding-top: 30px;\n  padding-bottom: 30px;\n}\n<\/style>\n\t<\/section>\n\t\n\t<section class=\"section\" id=\"section_1623191824\">\n\t\t<div class=\"bg section-bg fill bg-fill  bg-loaded\" >\n\n\t\t\t\n\t\t\t\n\t\t\t\n\n\t\t<\/div><!-- .section-bg -->\n\n\t\t<div class=\"section-content relative\">\n\t\t\t\n<div class=\"row\"  id=\"row-1041312161\">\n<div class=\"col large-12\"  ><div class=\"col-inner text-center\"  >\n<h2>Crea cualquier tipo de cuadro de imagen utilizando las opciones del creador de p\u00e1ginas.<\/h2>\n<p class=\"lead\">Aqu\u00ed hemos creado muchos ejemplos. Combina efectos para crear tu cuadro de imagen perfecto.<\/p>\n<\/div><\/div>\n<div class=\"col medium-4 large-4\"  ><div class=\"col-inner box-shadow-1\"  >\n\t<div class=\"box has-hover has-hover box-text-bottom\" >\n\n\t\t<div class=\"box-image\" >\n\t\t\t\t\t\t<div class=\"image-cover\" style=\"padding-top:100%;\">\n\t\t\t\t<img fetchpriority=\"high\" decoding=\"async\" width=\"400\" height=\"260\" src=\"https:\/\/sosmedecinsfes.com\/wp-content\/uploads\/2016\/08\/dummy-1.jpg\" class=\"attachment- size-\" alt=\"\" srcset=\"https:\/\/sosmedecinsfes.com\/wp-content\/uploads\/2016\/08\/dummy-1.jpg 400w, https:\/\/sosmedecinsfes.com\/wp-content\/uploads\/2016\/08\/dummy-1-300x195.jpg 300w\" sizes=\"(max-width: 400px) 100vw, 400px\" \/>\t\t\t\t\t\t\t\t\t\t\t<\/div>\n\t\t\t\t\t<\/div><!-- box-image -->\n\n\t\t<div class=\"box-text text-center\" >\n\t\t\t<div class=\"box-text-inner\">\n\t\t\t\t\n<h4>Estilo centrado simple<\/h4>\n<p>Algunos textos m\u00e1s peque\u00f1os<\/p>\n\t\t\t<\/div><!-- box-text-inner -->\n\t\t<\/div><!-- box-text -->\n\t<\/div><!-- .box  -->\n\t\n<\/div><\/div>\n<div class=\"col medium-4 large-4\"  ><div class=\"col-inner\"  >\n\t<div class=\"box has-hover has-hover box-shadow-1 box-bounce box-text-bottom\" >\n\n\t\t<div class=\"box-image\" >\n\t\t\t\t\t\t<div class=\"image-cover\" style=\"padding-top:100%;\">\n\t\t\t\t<img fetchpriority=\"high\" decoding=\"async\" width=\"400\" height=\"260\" src=\"https:\/\/sosmedecinsfes.com\/wp-content\/uploads\/2016\/08\/dummy-1.jpg\" class=\"attachment- size-\" alt=\"\" srcset=\"https:\/\/sosmedecinsfes.com\/wp-content\/uploads\/2016\/08\/dummy-1.jpg 400w, https:\/\/sosmedecinsfes.com\/wp-content\/uploads\/2016\/08\/dummy-1-300x195.jpg 300w\" sizes=\"(max-width: 400px) 100vw, 400px\" \/>\t\t\t\t\t\t\t\t\t\t\t<\/div>\n\t\t\t\t\t<\/div><!-- box-image -->\n\n\t\t<div class=\"box-text text-center dark\" style=\"background-color:rgb(66, 66, 66);\">\n\t\t\t<div class=\"box-text-inner\">\n\t\t\t\t\n<h4>Estilo rebote<\/h4>\n<p>A\u00f1ade algo aqu\u00ed<\/p>\n\t\t\t<\/div><!-- box-text-inner -->\n\t\t<\/div><!-- box-text -->\n\t<\/div><!-- .box  -->\n\t\n<\/div><\/div>\n<div class=\"col medium-4 large-4\"  ><div class=\"col-inner\"  >\n\t<div class=\"box has-hover has-hover box-overlay dark box-text-middle\" >\n\n\t\t<div class=\"box-image\" >\n\t\t\t\t\t\t<div class=\"image-blur image-cover\" style=\"padding-top:125%;\">\n\t\t\t\t<img fetchpriority=\"high\" decoding=\"async\" width=\"400\" height=\"260\" src=\"https:\/\/sosmedecinsfes.com\/wp-content\/uploads\/2016\/08\/dummy-1.jpg\" class=\"attachment- size-\" alt=\"\" srcset=\"https:\/\/sosmedecinsfes.com\/wp-content\/uploads\/2016\/08\/dummy-1.jpg 400w, https:\/\/sosmedecinsfes.com\/wp-content\/uploads\/2016\/08\/dummy-1-300x195.jpg 300w\" sizes=\"(max-width: 400px) 100vw, 400px\" \/>\t\t\t\t<div class=\"overlay\" style=\"background-color:1\"><\/div>\t\t\t\t\t\t\t<\/div>\n\t\t\t\t\t<\/div><!-- box-image -->\n\n\t\t<div class=\"box-text show-on-hover hover-zoom-in text-center is-small\" >\n\t\t\t<div class=\"box-text-inner\">\n\t\t\t\t\n<h2>Estilo de superposici\u00f3n con desenfoque y zoom<\/h2>\n<p>Agregue aqu\u00ed cualquier elemento.<\/p>\n\t\t\t<\/div><!-- box-text-inner -->\n\t\t<\/div><!-- box-text -->\n\t<\/div><!-- .box  -->\n\t\n<\/div><\/div>\n<div class=\"col medium-4 large-4\"  ><div class=\"col-inner\"  >\n\t<div class=\"box has-hover has-hover box-overlay dark box-text-bottom\" >\n\n\t\t<div class=\"box-image\" >\n\t\t\t\t\t\t<div class=\"image-cover\" style=\"padding-top:100%;\">\n\t\t\t\t<img fetchpriority=\"high\" decoding=\"async\" width=\"400\" height=\"260\" src=\"https:\/\/sosmedecinsfes.com\/wp-content\/uploads\/2016\/08\/dummy-1.jpg\" class=\"attachment- size-\" alt=\"\" srcset=\"https:\/\/sosmedecinsfes.com\/wp-content\/uploads\/2016\/08\/dummy-1.jpg 400w, https:\/\/sosmedecinsfes.com\/wp-content\/uploads\/2016\/08\/dummy-1-300x195.jpg 300w\" sizes=\"(max-width: 400px) 100vw, 400px\" \/>\t\t\t\t<div class=\"overlay\" style=\"background-color:1\"><\/div>\t\t\t\t\t\t\t<\/div>\n\t\t\t\t\t<\/div><!-- box-image -->\n\n\t\t<div class=\"box-text text-center\" >\n\t\t\t<div class=\"box-text-inner\">\n\t\t\t\t\n<h4>C\u00edrculo con efecto de desenfoque<\/h4>\n<p>Agregue aqu\u00ed cualquier elemento.<\/p>\n\t\t\t<\/div><!-- box-text-inner -->\n\t\t<\/div><!-- box-text -->\n\t<\/div><!-- .box  -->\n\t\n<\/div><\/div>\n<div class=\"col medium-4 large-4\"  ><div class=\"col-inner\"  >\n\t<div class=\"box has-hover has-hover box-shade dark box-text-bottom\" >\n\n\t\t<div class=\"box-image\" >\n\t\t\t\t\t\t<div class=\"image-cover\" style=\"padding-top:116%;\">\n\t\t\t\t<img fetchpriority=\"high\" decoding=\"async\" width=\"400\" height=\"260\" src=\"https:\/\/sosmedecinsfes.com\/wp-content\/uploads\/2016\/08\/dummy-1.jpg\" class=\"attachment- size-\" alt=\"\" srcset=\"https:\/\/sosmedecinsfes.com\/wp-content\/uploads\/2016\/08\/dummy-1.jpg 400w, https:\/\/sosmedecinsfes.com\/wp-content\/uploads\/2016\/08\/dummy-1-300x195.jpg 300w\" sizes=\"(max-width: 400px) 100vw, 400px\" \/>\t\t\t\t\t\t\t\t<div class=\"shade\"><\/div>\t\t\t<\/div>\n\t\t\t\t\t<\/div><!-- box-image -->\n\n\t\t<div class=\"box-text text-center\" >\n\t\t\t<div class=\"box-text-inner\">\n\t\t\t\t\n<h4>Estilo de sombreado simple<\/h4>\n<p class=\"lead\">Una caja preciosa.<\/p>\n<a class=\"button white is-white\"  >\n    <span>Vista r\u00e1pida<\/span>\n  <\/a>\n\n\t\t\t<\/div><!-- box-text-inner -->\n\t\t<\/div><!-- box-text -->\n\t<\/div><!-- .box  -->\n\t\n<\/div><\/div>\n<div class=\"col medium-4 large-4\"  ><div class=\"col-inner\"  >\n\t<div class=\"box has-hover has-hover box-shade dark box-text-middle\" >\n\n\t\t<div class=\"box-image\" style=\"border-radius:100%;\">\n\t\t\t\t\t\t<div class=\"image-zoom image-cover\" style=\"padding-top:100%;\">\n\t\t\t\t<img fetchpriority=\"high\" decoding=\"async\" width=\"400\" height=\"260\" src=\"https:\/\/sosmedecinsfes.com\/wp-content\/uploads\/2016\/08\/dummy-1.jpg\" class=\"attachment- size-\" alt=\"\" srcset=\"https:\/\/sosmedecinsfes.com\/wp-content\/uploads\/2016\/08\/dummy-1.jpg 400w, https:\/\/sosmedecinsfes.com\/wp-content\/uploads\/2016\/08\/dummy-1-300x195.jpg 300w\" sizes=\"(max-width: 400px) 100vw, 400px\" \/>\t\t\t\t\t\t\t\t<div class=\"shade\"><\/div>\t\t\t<\/div>\n\t\t\t\t\t<\/div><!-- box-image -->\n\n\t\t<div class=\"box-text show-on-hover hover-bounce text-center\" >\n\t\t\t<div class=\"box-text-inner\">\n\t\t\t\t\n<h3 class=\"uppercase\">Imagen circular<\/h3>\n<p class=\"lead\">Crea esto a\u00f1adiendo el radio 100% a la imagen.<\/p>\n\t\t\t<\/div><!-- box-text-inner -->\n\t\t<\/div><!-- box-text -->\n\t<\/div><!-- .box  -->\n\t\n<\/div><\/div>\n<\/div>\n\t\t<\/div><!-- .section-content -->\n\n\t\t\n<style scope=\"scope\">\n\n#section_1623191824 {\n  padding-top: 30px;\n  padding-bottom: 30px;\n}\n<\/style>\n\t<\/section>","protected":false},"excerpt":{"rendered":"","protected":false},"author":1,"featured_media":27,"parent":112,"menu_order":15,"comment_status":"closed","ping_status":"closed","template":"page-blank.php","meta":{"footnotes":""},"class_list":["post-72","page","type-page","status-publish","has-post-thumbnail","hentry"],"_links":{"self":[{"href":"https:\/\/sosmedecinsfes.com\/es\/wp-json\/wp\/v2\/pages\/72","targetHints":{"allow":["GET"]}}],"collection":[{"href":"https:\/\/sosmedecinsfes.com\/es\/wp-json\/wp\/v2\/pages"}],"about":[{"href":"https:\/\/sosmedecinsfes.com\/es\/wp-json\/wp\/v2\/types\/page"}],"author":[{"embeddable":true,"href":"https:\/\/sosmedecinsfes.com\/es\/wp-json\/wp\/v2\/users\/1"}],"replies":[{"embeddable":true,"href":"https:\/\/sosmedecinsfes.com\/es\/wp-json\/wp\/v2\/comments?post=72"}],"version-history":[{"count":1,"href":"https:\/\/sosmedecinsfes.com\/es\/wp-json\/wp\/v2\/pages\/72\/revisions"}],"predecessor-version":[{"id":147,"href":"https:\/\/sosmedecinsfes.com\/es\/wp-json\/wp\/v2\/pages\/72\/revisions\/147"}],"up":[{"embeddable":true,"href":"https:\/\/sosmedecinsfes.com\/es\/wp-json\/wp\/v2\/pages\/112"}],"wp:featuredmedia":[{"embeddable":true,"href":"https:\/\/sosmedecinsfes.com\/es\/wp-json\/wp\/v2\/media\/27"}],"wp:attachment":[{"href":"https:\/\/sosmedecinsfes.com\/es\/wp-json\/wp\/v2\/media?parent=72"}],"curies":[{"name":"wp","href":"https:\/\/api.w.org\/{rel}","templated":true}]}}